{"id":95,"date":"2018-07-11T10:22:25","date_gmt":"2018-07-11T10:22:25","guid":{"rendered":"http:\/\/demo.hundeidvik.no\/privatskule\/?page_id=95"},"modified":"2018-07-13T07:04:47","modified_gmt":"2018-07-13T07:04:47","slug":"gratis-frukost","status":"publish","type":"page","link":"https:\/\/hundeidvik.no\/privatskule\/gratis-frukost\/","title":{"rendered":"Gratis frukost"},"content":{"rendered":"<div class=\"et_post_meta_wrapper\">\n<h1 class=\"entry-title\">Gratis frukost<\/h1>\n<\/div>\n<div class=\"entry-content\">\n<div class=\"et_pb_section et_pb_section_0 et_section_regular\">\n<div class=\" et_pb_row et_pb_row_0\">\n<div class=\"et_pb_column et_pb_column_4_4 et_pb_column_0 et_pb_css_mix_blend_mode_passthrough et-last-child\">\n<div class=\"et_pb_text et_pb_module et_pb_bg_layout_light et_pb_text_align_left et_pb_text_0\">\n<div class=\"et_pb_text_inner\">\n<p>Vi spanderar frukost p\u00e5 alle elevane<a href=\"https:\/\/hundeidvik.no\/privatskule\/sample-page\/frukost\/\" rel=\"attachment wp-att-15\"><img decoding=\"async\" class=\"alignright wp-image-15 size-medium\" src=\"https:\/\/hundeidvik.no\/privatskule\/wp-content\/uploads\/sites\/2\/2018\/07\/Frukost-300x85.png\" alt=\"\" width=\"300\" height=\"85\" srcset=\"https:\/\/hundeidvik.no\/privatskule\/wp-content\/uploads\/sites\/2\/2018\/07\/Frukost-300x85.png 300w, https:\/\/hundeidvik.no\/privatskule\/wp-content\/uploads\/sites\/2\/2018\/07\/Frukost-768x218.png 768w, https:\/\/hundeidvik.no\/privatskule\/wp-content\/uploads\/sites\/2\/2018\/07\/Frukost-1024x290.png 1024w, https:\/\/hundeidvik.no\/privatskule\/wp-content\/uploads\/sites\/2\/2018\/07\/Frukost.png 1200w\" sizes=\"(max-width: 300px) 100vw, 300px\" \/><\/a><\/p>\n<p>Skulen v\u00e5r opnar kl 07.30 for alle elevar.\u00a0D\u00e5 har den som \u00f8nskjer det h\u00f8ve til \u00e5 kome til skulen og f\u00e5 ein god start p\u00e5 dagen med ein felles frukost og litt leik f\u00f8r skulestart.<\/p>\n<p>V\u00e5re erfaringar viser at ungane f\u00e5r ein betre start p\u00e5 dagen og er meir motivert for l\u00e6ring.<\/p>\n<p>Frukosten er eit gratis tilbod til alle elevane.<\/p>\n<\/div>\n<\/div>\n<\/div>\n<\/div>\n<\/div>\n<\/div>\n","protected":false},"excerpt":{"rendered":"<p>Gratis frukost Vi spanderar frukost p\u00e5 alle elevane Skulen v\u00e5r opnar kl 07.30 for alle elevar.\u00a0D\u00e5 har den som \u00f8nskjer det h\u00f8ve til \u00e5 kome til skulen og f\u00e5 ein god start p\u00e5 dagen med ein felles frukost og litt leik f\u00f8r skulestart. V\u00e5re erfaringar viser at ungane f\u00e5r ein betre start p\u00e5 dagen og [&hellip;]<\/p>\n","protected":false},"author":2,"featured_media":15,"parent":0,"menu_order":0,"comment_status":"closed","ping_status":"closed","template":"","meta":{"ocean_post_layout":"","ocean_both_sidebars_style":"","ocean_both_sidebars_content_width":0,"ocean_both_sidebars_sidebars_width":0,"ocean_sidebar":"0","ocean_second_sidebar":"0","ocean_disable_margins":"enable","ocean_add_body_class":"","ocean_shortcode_before_top_bar":"","ocean_shortcode_after_top_bar":"","ocean_shortcode_before_header":"","ocean_shortcode_after_header":"","ocean_has_shortcode":"","ocean_shortcode_after_title":"","ocean_shortcode_before_footer_widgets":"","ocean_shortcode_after_footer_widgets":"","ocean_shortcode_before_footer_bottom":"","ocean_shortcode_after_footer_bottom":"","ocean_display_top_bar":"default","ocean_display_header":"default","ocean_header_style":"","ocean_center_header_left_menu":"0","ocean_custom_header_template":"0","ocean_custom_logo":0,"ocean_custom_retina_logo":0,"ocean_custom_logo_max_width":0,"ocean_custom_logo_tablet_max_width":0,"ocean_custom_logo_mobile_max_width":0,"ocean_custom_logo_max_height":0,"ocean_custom_logo_tablet_max_height":0,"ocean_custom_logo_mobile_max_height":0,"ocean_header_custom_menu":"0","ocean_menu_typo_font_family":"0","ocean_menu_typo_font_subset":"","ocean_menu_typo_font_size":0,"ocean_menu_typo_font_size_tablet":0,"ocean_menu_typo_font_size_mobile":0,"ocean_menu_typo_font_size_unit":"px","ocean_menu_typo_font_weight":"","ocean_menu_typo_font_weight_tablet":"","ocean_menu_typo_font_weight_mobile":"","ocean_menu_typo_transform":"","ocean_menu_typo_transform_tablet":"","ocean_menu_typo_transform_mobile":"","ocean_menu_typo_line_height":0,"ocean_menu_typo_line_height_tablet":0,"ocean_menu_typo_line_height_mobile":0,"ocean_menu_typo_line_height_unit":"","ocean_menu_typo_spacing":0,"ocean_menu_typo_spacing_tablet":0,"ocean_menu_typo_spacing_mobile":0,"ocean_menu_typo_spacing_unit":"","ocean_menu_link_color":"","ocean_menu_link_color_hover":"","ocean_menu_link_color_active":"","ocean_menu_link_background":"","ocean_menu_link_hover_background":"","ocean_menu_link_active_background":"","ocean_menu_social_links_bg":"","ocean_menu_social_hover_links_bg":"","ocean_menu_social_links_color":"","ocean_menu_social_hover_links_color":"","ocean_disable_title":"default","ocean_disable_heading":"default","ocean_post_title":"","ocean_post_subheading":"","ocean_post_title_style":"","ocean_post_title_background_color":"","ocean_post_title_background":0,"ocean_post_title_bg_image_position":"","ocean_post_title_bg_image_attachment":"","ocean_post_title_bg_image_repeat":"","ocean_post_title_bg_image_size":"","ocean_post_title_height":0,"ocean_post_title_bg_overlay":0.5,"ocean_post_title_bg_overlay_color":"","ocean_disable_breadcrumbs":"default","ocean_breadcrumbs_color":"","ocean_breadcrumbs_separator_color":"","ocean_breadcrumbs_links_color":"","ocean_breadcrumbs_links_hover_color":"","ocean_display_footer_widgets":"default","ocean_display_footer_bottom":"default","ocean_custom_footer_template":"","footnotes":""},"class_list":["post-95","page","type-page","status-publish","has-post-thumbnail","hentry","entry","has-media","owp-thumbs-layout-horizontal","owp-btn-normal","owp-tabs-layout-horizontal","has-no-thumbnails","has-product-nav"],"_links":{"self":[{"href":"https:\/\/hundeidvik.no\/privatskule\/wp-json\/wp\/v2\/pages\/95","targetHints":{"allow":["GET"]}}],"collection":[{"href":"https:\/\/hundeidvik.no\/privatskule\/wp-json\/wp\/v2\/pages"}],"about":[{"href":"https:\/\/hundeidvik.no\/privatskule\/wp-json\/wp\/v2\/types\/page"}],"author":[{"embeddable":true,"href":"https:\/\/hundeidvik.no\/privatskule\/wp-json\/wp\/v2\/users\/2"}],"replies":[{"embeddable":true,"href":"https:\/\/hundeidvik.no\/privatskule\/wp-json\/wp\/v2\/comments?post=95"}],"version-history":[{"count":3,"href":"https:\/\/hundeidvik.no\/privatskule\/wp-json\/wp\/v2\/pages\/95\/revisions"}],"predecessor-version":[{"id":260,"href":"https:\/\/hundeidvik.no\/privatskule\/wp-json\/wp\/v2\/pages\/95\/revisions\/260"}],"wp:featuredmedia":[{"embeddable":true,"href":"https:\/\/hundeidvik.no\/privatskule\/wp-json\/wp\/v2\/media\/15"}],"wp:attachment":[{"href":"https:\/\/hundeidvik.no\/privatskule\/wp-json\/wp\/v2\/media?parent=95"}],"curies":[{"name":"wp","href":"https:\/\/api.w.org\/{rel}","templated":true}]}}