{"id":243,"date":"2018-07-12T08:43:52","date_gmt":"2018-07-12T08:43:52","guid":{"rendered":"http:\/\/demo.hundeidvik.no\/privatskule\/?page_id=243"},"modified":"2024-10-28T15:57:21","modified_gmt":"2024-10-28T15:57:21","slug":"skuleruta","status":"publish","type":"page","link":"https:\/\/hundeidvik.no\/privatskule\/skuleruta\/","title":{"rendered":"Skuleruta"},"content":{"rendered":"\t\t<div data-elementor-type=\"wp-page\" data-elementor-id=\"243\" class=\"elementor elementor-243\" data-elementor-post-type=\"page\">\n\t\t\t\t\t\t<section class=\"elementor-section elementor-top-section elementor-element elementor-element-298a46c2 elementor-section-boxed elementor-section-height-default elementor-section-height-default\" data-id=\"298a46c2\" data-element_type=\"section\" data-e-type=\"section\">\n\t\t\t\t\t\t<div class=\"elementor-container elementor-column-gap-default\">\n\t\t\t\t\t<div class=\"elementor-column elementor-col-100 elementor-top-column elementor-element elementor-element-3561653c\" data-id=\"3561653c\" data-element_type=\"column\" data-e-type=\"column\">\n\t\t\t<div class=\"elementor-widget-wrap elementor-element-populated\">\n\t\t\t\t\t\t<div class=\"elementor-element elementor-element-4445a488 elementor-widget elementor-widget-text-editor\" data-id=\"4445a488\" data-element_type=\"widget\" data-e-type=\"widget\" data-widget_type=\"text-editor.default\">\n\t\t\t\t<div class=\"elementor-widget-container\">\n\t\t\t\t\t\t\t\t\t<h4><b>Skulerute for skule\u00e5ret 2024- 2025<\/b><\/h4><table style=\"height: 630px\" width=\"632\"><tbody><tr><td width=\"94\"><strong>Haust 2024<\/strong><\/td><td width=\"329\"><strong>Ferie og fridagar<\/strong><\/td><td width=\"146\"><strong>Tal p\u00e5 skuledagar<\/strong><\/td><\/tr><tr><td width=\"94\">August<\/td><td width=\"329\">F\u00f8rste skuledag: m\u00e5ndag 19. august<\/td><td width=\"146\">10<\/td><\/tr><tr><td width=\"94\">September<\/td><td width=\"329\">\u00a0<\/td><td width=\"146\">21<\/td><\/tr><tr><td width=\"94\">Oktober<\/td><td width=\"329\">Haustferie veke 41: m\u00e5ndag 7. &#8211; fredag 11. oktober<\/td><td width=\"146\">18<\/td><\/tr><tr><td width=\"94\">November<\/td><td width=\"329\">\u00a0<\/td><td width=\"146\">21<\/td><\/tr><tr><td width=\"94\">Desember<\/td><td width=\"329\">Siste skuledag f\u00f8r jul: fredag 20. desember<\/td><td width=\"146\">15<\/td><\/tr><tr><td width=\"94\">\u00a0<\/td><td width=\"329\">\u00a0<\/td><td width=\"146\">\u00a0<\/td><\/tr><tr><td width=\"94\">\u00a0<\/td><td width=\"329\">\u00a0<\/td><td width=\"146\">\u00a0<\/td><\/tr><tr><td width=\"94\">\u00a0<\/td><td width=\"329\">\u00a0<\/td><td width=\"146\">\u00a0<\/td><\/tr><tr><td width=\"94\"><strong>V\u00e5r 2025<\/strong><\/td><td width=\"329\"><strong>Ferie og fridagar<\/strong><\/td><td width=\"146\"><strong>Tal p\u00e5 skuledagar<\/strong><\/td><\/tr><tr><td width=\"94\">Januar<\/td><td width=\"329\">F\u00f8rste skuledag etter jul: m\u00e5ndag 6. januar<\/td><td width=\"146\">20<\/td><\/tr><tr><td width=\"94\">Februar<\/td><td width=\"329\">Vinterferie veke 8: m\u00e5ndag 17. &#8211; fredag 21. februar<\/td><td width=\"146\">15<\/td><\/tr><tr><td width=\"94\">Mars<\/td><td width=\"329\">\u00a0<\/td><td width=\"146\">21<\/td><\/tr><tr><td width=\"94\">April<\/td><td width=\"329\">P\u00e5skeferie m\u00e5ndag 14.april &#8211; m\u00e5ndag 21.april<br \/>F\u00f8rste skuledag etter p\u00e5ske: tysdag 22. april<\/td><td width=\"146\">16<\/td><\/tr><tr><td width=\"94\">Mai<\/td><td width=\"329\">Elevfri dag: fredag 30. mai<\/td><td width=\"146\">19<\/td><\/tr><tr><td width=\"94\">Juni<\/td><td width=\"329\">Siste skuledag: fredag 20. juni<\/td><td width=\"146\">14<\/td><\/tr><tr><td colspan=\"2\" width=\"423\"><strong>Sum elevdagar<\/strong><\/td><td width=\"146\"><strong>190<\/strong><\/td><\/tr><\/tbody><\/table>\t\t\t\t\t\t\t\t<\/div>\n\t\t\t\t<\/div>\n\t\t\t\t\t<\/div>\n\t\t<\/div>\n\t\t\t\t\t<\/div>\n\t\t<\/section>\n\t\t\t\t<section class=\"elementor-section elementor-top-section elementor-element elementor-element-dd0015b elementor-section-boxed elementor-section-height-default elementor-section-height-default\" data-id=\"dd0015b\" data-element_type=\"section\" data-e-type=\"section\">\n\t\t\t\t\t\t<div class=\"elementor-container elementor-column-gap-default\">\n\t\t\t\t\t<div class=\"elementor-column elementor-col-100 elementor-top-column elementor-element elementor-element-4f184b8\" data-id=\"4f184b8\" data-element_type=\"column\" data-e-type=\"column\">\n\t\t\t<div class=\"elementor-widget-wrap elementor-element-populated\">\n\t\t\t\t\t\t<div class=\"elementor-element elementor-element-384b5a9 elementor-widget elementor-widget-heading\" data-id=\"384b5a9\" data-element_type=\"widget\" data-e-type=\"widget\" data-widget_type=\"heading.default\">\n\t\t\t\t<div class=\"elementor-widget-container\">\n\t\t\t\t\t<h2 class=\"elementor-heading-title elementor-size-default\"><a href=\"https:\/\/mrfylke.no\/tenester\/skole-og-opplaring\/opplaring-i-skole\/skoleruta\/\">Skulerute for skule\u00e5ret 2025 - 2026<\/a><\/h2>\t\t\t\t<\/div>\n\t\t\t\t<\/div>\n\t\t\t\t\t<\/div>\n\t\t<\/div>\n\t\t\t\t\t<\/div>\n\t\t<\/section>\n\t\t\t\t<\/div>\n\t\t","protected":false},"excerpt":{"rendered":"<p>Skulerute for skule\u00e5ret 2024- 2025 Haust 2024 Ferie og fridagar Tal p\u00e5 skuledagar August F\u00f8rste skuledag: m\u00e5ndag 19. august 10 September \u00a0 21 Oktober Haustferie veke 41: m\u00e5ndag 7. &#8211; fredag 11. oktober 18 November \u00a0 21 Desember Siste skuledag f\u00f8r jul: fredag 20. desember 15 \u00a0 \u00a0 \u00a0 \u00a0 \u00a0 \u00a0 \u00a0 \u00a0 \u00a0 [&hellip;]<\/p>\n","protected":false},"author":2,"featured_media":0,"parent":0,"menu_order":0,"comment_status":"closed","ping_status":"closed","template":"","meta":{"ocean_post_layout":"","ocean_both_sidebars_style":"","ocean_both_sidebars_content_width":0,"ocean_both_sidebars_sidebars_width":0,"ocean_sidebar":"0","ocean_second_sidebar":"0","ocean_disable_margins":"enable","ocean_add_body_class":"","ocean_shortcode_before_top_bar":"","ocean_shortcode_after_top_bar":"","ocean_shortcode_before_header":"","ocean_shortcode_after_header":"","ocean_has_shortcode":"","ocean_shortcode_after_title":"","ocean_shortcode_before_footer_widgets":"","ocean_shortcode_after_footer_widgets":"","ocean_shortcode_before_footer_bottom":"","ocean_shortcode_after_footer_bottom":"","ocean_display_top_bar":"default","ocean_display_header":"default","ocean_header_style":"","ocean_center_header_left_menu":"0","ocean_custom_header_template":"0","ocean_custom_logo":0,"ocean_custom_retina_logo":0,"ocean_custom_logo_max_width":0,"ocean_custom_logo_tablet_max_width":0,"ocean_custom_logo_mobile_max_width":0,"ocean_custom_logo_max_height":0,"ocean_custom_logo_tablet_max_height":0,"ocean_custom_logo_mobile_max_height":0,"ocean_header_custom_menu":"0","ocean_menu_typo_font_family":"0","ocean_menu_typo_font_subset":"","ocean_menu_typo_font_size":0,"ocean_menu_typo_font_size_tablet":0,"ocean_menu_typo_font_size_mobile":0,"ocean_menu_typo_font_size_unit":"px","ocean_menu_typo_font_weight":"","ocean_menu_typo_font_weight_tablet":"","ocean_menu_typo_font_weight_mobile":"","ocean_menu_typo_transform":"","ocean_menu_typo_transform_tablet":"","ocean_menu_typo_transform_mobile":"","ocean_menu_typo_line_height":0,"ocean_menu_typo_line_height_tablet":0,"ocean_menu_typo_line_height_mobile":0,"ocean_menu_typo_line_height_unit":"","ocean_menu_typo_spacing":0,"ocean_menu_typo_spacing_tablet":0,"ocean_menu_typo_spacing_mobile":0,"ocean_menu_typo_spacing_unit":"","ocean_menu_link_color":"","ocean_menu_link_color_hover":"","ocean_menu_link_color_active":"","ocean_menu_link_background":"","ocean_menu_link_hover_background":"","ocean_menu_link_active_background":"","ocean_menu_social_links_bg":"","ocean_menu_social_hover_links_bg":"","ocean_menu_social_links_color":"","ocean_menu_social_hover_links_color":"","ocean_disable_title":"default","ocean_disable_heading":"default","ocean_post_title":"","ocean_post_subheading":"","ocean_post_title_style":"","ocean_post_title_background_color":"","ocean_post_title_background":0,"ocean_post_title_bg_image_position":"","ocean_post_title_bg_image_attachment":"","ocean_post_title_bg_image_repeat":"","ocean_post_title_bg_image_size":"","ocean_post_title_height":0,"ocean_post_title_bg_overlay":0.5,"ocean_post_title_bg_overlay_color":"","ocean_disable_breadcrumbs":"default","ocean_breadcrumbs_color":"","ocean_breadcrumbs_separator_color":"","ocean_breadcrumbs_links_color":"","ocean_breadcrumbs_links_hover_color":"","ocean_display_footer_widgets":"default","ocean_display_footer_bottom":"default","ocean_custom_footer_template":"0","footnotes":""},"class_list":["post-243","page","type-page","status-publish","hentry","entry","owp-thumbs-layout-horizontal","owp-btn-normal","owp-tabs-layout-horizontal","has-no-thumbnails","has-product-nav"],"_links":{"self":[{"href":"https:\/\/hundeidvik.no\/privatskule\/wp-json\/wp\/v2\/pages\/243","targetHints":{"allow":["GET"]}}],"collection":[{"href":"https:\/\/hundeidvik.no\/privatskule\/wp-json\/wp\/v2\/pages"}],"about":[{"href":"https:\/\/hundeidvik.no\/privatskule\/wp-json\/wp\/v2\/types\/page"}],"author":[{"embeddable":true,"href":"https:\/\/hundeidvik.no\/privatskule\/wp-json\/wp\/v2\/users\/2"}],"replies":[{"embeddable":true,"href":"https:\/\/hundeidvik.no\/privatskule\/wp-json\/wp\/v2\/comments?post=243"}],"version-history":[{"count":9,"href":"https:\/\/hundeidvik.no\/privatskule\/wp-json\/wp\/v2\/pages\/243\/revisions"}],"predecessor-version":[{"id":313,"href":"https:\/\/hundeidvik.no\/privatskule\/wp-json\/wp\/v2\/pages\/243\/revisions\/313"}],"wp:attachment":[{"href":"https:\/\/hundeidvik.no\/privatskule\/wp-json\/wp\/v2\/media?parent=243"}],"curies":[{"name":"wp","href":"https:\/\/api.w.org\/{rel}","templated":true}]}}