{"id":237,"date":"2018-07-12T08:41:13","date_gmt":"2018-07-12T08:41:13","guid":{"rendered":"http:\/\/demo.hundeidvik.no\/privatskule\/?page_id=237"},"modified":"2018-12-05T10:02:39","modified_gmt":"2018-12-05T10:02:39","slug":"om-hundeidvik-privatskule","status":"publish","type":"page","link":"https:\/\/hundeidvik.no\/privatskule\/om-hundeidvik-privatskule\/","title":{"rendered":"Om Hundeidvik Privatskule"},"content":{"rendered":"<h1>Om Hundeidvik Privatskule<a href=\"https:\/\/hundeidvik.no\/privatskule\/uteomrade\/uteomrade-2\/\" rel=\"attachment wp-att-204\"><img fetchpriority=\"high\" decoding=\"async\" class=\"alignright size-medium wp-image-204\" src=\"https:\/\/hundeidvik.no\/privatskule\/wp-content\/uploads\/sites\/2\/2018\/07\/Uteomr\u00e5de-1-300x253.png\" alt=\"\" width=\"300\" height=\"253\" srcset=\"https:\/\/hundeidvik.no\/privatskule\/wp-content\/uploads\/sites\/2\/2018\/07\/Uteomr\u00e5de-1-300x253.png 300w, https:\/\/hundeidvik.no\/privatskule\/wp-content\/uploads\/sites\/2\/2018\/07\/Uteomr\u00e5de-1.png 520w\" sizes=\"(max-width: 300px) 100vw, 300px\" \/><\/a><\/h1>\n<p>Hundeidvik Privatskule er ein barneskule for 1. &#8211; 7. klasse som er open for alle.<\/p>\n<p>I motsetning til mange andre privatskular er det gratis \u00e5 g\u00e5 p\u00e5 skulen v\u00e5r. Vi tilbyr ogs\u00e5 gratis skuleskyss til alle som har rett p\u00e5 dette og gratis frukost til alle elevar. Vi tilbyr ogs\u00e5 SFO til halv pris til alle dei som \u00f8nskjer dette.<\/p>\n<p>Skulen blei starta i 2011 etter initiativ fra innbyggarane i Hundeidvik. Sidan vi ikkje hadde eigne lokale, leigde vi den gamle offentlige skulebygninga det f\u00f8rste \u00e5ret. Men etter heltemodig innsats fr\u00e5 bygdafolket, flytta vi inn i ein heilt ny topp moderne skule i 2012. Her har vi store flotte klasserom, grupperom og fellesareal. Det gir oss tilgang til funksjonelle\u00a0l\u00f8ysingar som gir gode\u00a0forutsetningar for eit godt\u00a0l\u00e6remilj\u00f8.<\/p>\n<p>Ein viktig del av skuledagen er friminutt og den frie leiken. Vi er s\u00e5 heldig \u00e5 ha eit stort flott uteomr\u00e5de som er spesielt tilrettelagt for aktiv leik. Her \u00f8nskjer vi \u00e5 utfordre elevane p\u00e5 b\u00e5de kreativitet og motorikk.<\/p>\n<p>Skulen er lokalisert saman med Hundeidvik Grendahus, der vi har tilgang til gymsal, garderobar, dusjar og ikkje minst scene. Elevane synest det er spennande \u00e5 st\u00e5 p\u00e5 scena, og vi invitera ofte foreldre, s\u00f8sken, besteforeldre og andre til framsyning.\u00a0<a href=\"https:\/\/hundeidvik.no\/privatskule\/sample-page\/klatreveggen\/\" rel=\"attachment wp-att-28\"><img decoding=\"async\" class=\"alignright size-medium wp-image-28\" src=\"https:\/\/hundeidvik.no\/privatskule\/wp-content\/uploads\/sites\/2\/2018\/07\/Klatreveggen-225x300.jpg\" alt=\"\" width=\"225\" height=\"300\" srcset=\"https:\/\/hundeidvik.no\/privatskule\/wp-content\/uploads\/sites\/2\/2018\/07\/Klatreveggen-225x300.jpg 225w, https:\/\/hundeidvik.no\/privatskule\/wp-content\/uploads\/sites\/2\/2018\/07\/Klatreveggen.jpg 720w\" sizes=\"(max-width: 225px) 100vw, 225px\" \/><\/a><\/p>\n<p>Gjennom eit godt samarbeid med Idrettslaget, har vi ogs\u00e5 tilgang til ny flott idrettshall. Her er det berre kreativiteten som setter stopper for aktivitetar p\u00e5 kunstgrasbana eller i klatreveggen<\/p>\n<p>Med v\u00e5r visjon \u00abMed trivsel i sentrum og rett til \u00e5 blomstre\u00bb \u00f8nskjer vi \u00e5 halde fokus p\u00e5 eit inkluderande milj\u00f8, der b\u00e5de store og sm\u00e5 skal f\u00e5 lov til \u00e5 blomstre. Vi vil skape den beste skulen for v\u00e5re elevar gjennom tett oppf\u00f8lging og individuelt\u00a0 tilpassa\u00a0 oppl\u00e6ring.<\/p>\n<p>&nbsp;<\/p>\n<p><strong>\u00a0<\/strong><\/p>\n<p>&nbsp;<\/p>\n<h1><a href=\"https:\/\/hundeidvik.no\/privatskule\/uteomrade\/uteomrade-2\/\" rel=\"attachment wp-att-204\">\u00a0<\/a><\/h1>\n","protected":false},"excerpt":{"rendered":"<p>Om Hundeidvik Privatskule Hundeidvik Privatskule er ein barneskule for 1. &#8211; 7. klasse som er open for alle. I motsetning til mange andre privatskular er det gratis \u00e5 g\u00e5 p\u00e5 skulen v\u00e5r. Vi tilbyr ogs\u00e5 gratis skuleskyss til alle som har rett p\u00e5 dette og gratis frukost til alle elevar. Vi tilbyr ogs\u00e5 SFO til [&hellip;]<\/p>\n","protected":false},"author":2,"featured_media":0,"parent":0,"menu_order":0,"comment_status":"closed","ping_status":"closed","template":"","meta":{"ocean_post_layout":"","ocean_both_sidebars_style":"","ocean_both_sidebars_content_width":0,"ocean_both_sidebars_sidebars_width":0,"ocean_sidebar":"0","ocean_second_sidebar":"0","ocean_disable_margins":"enable","ocean_add_body_class":"","ocean_shortcode_before_top_bar":"","ocean_shortcode_after_top_bar":"","ocean_shortcode_before_header":"","ocean_shortcode_after_header":"","ocean_has_shortcode":"","ocean_shortcode_after_title":"","ocean_shortcode_before_footer_widgets":"","ocean_shortcode_after_footer_widgets":"","ocean_shortcode_before_footer_bottom":"","ocean_shortcode_after_footer_bottom":"","ocean_display_top_bar":"default","ocean_display_header":"default","ocean_header_style":"","ocean_center_header_left_menu":"0","ocean_custom_header_template":"0","ocean_custom_logo":0,"ocean_custom_retina_logo":0,"ocean_custom_logo_max_width":0,"ocean_custom_logo_tablet_max_width":0,"ocean_custom_logo_mobile_max_width":0,"ocean_custom_logo_max_height":0,"ocean_custom_logo_tablet_max_height":0,"ocean_custom_logo_mobile_max_height":0,"ocean_header_custom_menu":"0","ocean_menu_typo_font_family":"0","ocean_menu_typo_font_subset":"","ocean_menu_typo_font_size":0,"ocean_menu_typo_font_size_tablet":0,"ocean_menu_typo_font_size_mobile":0,"ocean_menu_typo_font_size_unit":"px","ocean_menu_typo_font_weight":"","ocean_menu_typo_font_weight_tablet":"","ocean_menu_typo_font_weight_mobile":"","ocean_menu_typo_transform":"","ocean_menu_typo_transform_tablet":"","ocean_menu_typo_transform_mobile":"","ocean_menu_typo_line_height":0,"ocean_menu_typo_line_height_tablet":0,"ocean_menu_typo_line_height_mobile":0,"ocean_menu_typo_line_height_unit":"","ocean_menu_typo_spacing":0,"ocean_menu_typo_spacing_tablet":0,"ocean_menu_typo_spacing_mobile":0,"ocean_menu_typo_spacing_unit":"","ocean_menu_link_color":"","ocean_menu_link_color_hover":"","ocean_menu_link_color_active":"","ocean_menu_link_background":"","ocean_menu_link_hover_background":"","ocean_menu_link_active_background":"","ocean_menu_social_links_bg":"","ocean_menu_social_hover_links_bg":"","ocean_menu_social_links_color":"","ocean_menu_social_hover_links_color":"","ocean_disable_title":"on","ocean_disable_heading":"default","ocean_post_title":"","ocean_post_subheading":"","ocean_post_title_style":"","ocean_post_title_background_color":"","ocean_post_title_background":0,"ocean_post_title_bg_image_position":"","ocean_post_title_bg_image_attachment":"","ocean_post_title_bg_image_repeat":"","ocean_post_title_bg_image_size":"","ocean_post_title_height":0,"ocean_post_title_bg_overlay":0.5,"ocean_post_title_bg_overlay_color":"","ocean_disable_breadcrumbs":"default","ocean_breadcrumbs_color":"","ocean_breadcrumbs_separator_color":"","ocean_breadcrumbs_links_color":"","ocean_breadcrumbs_links_hover_color":"","ocean_display_footer_widgets":"default","ocean_display_footer_bottom":"default","ocean_custom_footer_template":"0","footnotes":""},"class_list":["post-237","page","type-page","status-publish","hentry","entry","owp-thumbs-layout-horizontal","owp-btn-normal","owp-tabs-layout-horizontal","has-no-thumbnails","has-product-nav"],"_links":{"self":[{"href":"https:\/\/hundeidvik.no\/privatskule\/wp-json\/wp\/v2\/pages\/237","targetHints":{"allow":["GET"]}}],"collection":[{"href":"https:\/\/hundeidvik.no\/privatskule\/wp-json\/wp\/v2\/pages"}],"about":[{"href":"https:\/\/hundeidvik.no\/privatskule\/wp-json\/wp\/v2\/types\/page"}],"author":[{"embeddable":true,"href":"https:\/\/hundeidvik.no\/privatskule\/wp-json\/wp\/v2\/users\/2"}],"replies":[{"embeddable":true,"href":"https:\/\/hundeidvik.no\/privatskule\/wp-json\/wp\/v2\/comments?post=237"}],"version-history":[{"count":4,"href":"https:\/\/hundeidvik.no\/privatskule\/wp-json\/wp\/v2\/pages\/237\/revisions"}],"predecessor-version":[{"id":239,"href":"https:\/\/hundeidvik.no\/privatskule\/wp-json\/wp\/v2\/pages\/237\/revisions\/239"}],"wp:attachment":[{"href":"https:\/\/hundeidvik.no\/privatskule\/wp-json\/wp\/v2\/media?parent=237"}],"curies":[{"name":"wp","href":"https:\/\/api.w.org\/{rel}","templated":true}]}}