{"id":42,"date":"2018-07-12T13:23:08","date_gmt":"2018-07-12T13:23:08","guid":{"rendered":"http:\/\/demo.hundeidvik.no\/idrettslag\/?page_id=42"},"modified":"2018-07-12T13:34:59","modified_gmt":"2018-07-12T13:34:59","slug":"klatring","status":"publish","type":"page","link":"https:\/\/hundeidvik.no\/idrettslag\/klatring\/","title":{"rendered":"Klatring"},"content":{"rendered":"<section class=\"elementor-element elementor-element-18584df elementor-section-boxed elementor-section-height-default elementor-section-height-default elementor-section elementor-top-section jet-parallax-section\" data-id=\"18584df\" data-element_type=\"section\">\n<div class=\"elementor-container elementor-column-gap-default\">\n<div class=\"elementor-row\">\n<div class=\"elementor-element elementor-element-445c4d3 elementor-column elementor-col-100 elementor-top-column\" data-id=\"445c4d3\" data-element_type=\"column\">\n<div class=\"elementor-column-wrap elementor-element-populated\">\n<div class=\"elementor-widget-wrap\">\n<div class=\"elementor-element elementor-element-3e094ed elementor-widget elementor-widget-heading\" data-id=\"3e094ed\" data-element_type=\"heading.default\">\n<div class=\"elementor-widget-container\">\n<h2 class=\"elementor-heading-title elementor-size-default\">Flotte klatrefasilitetar<\/h2>\n<\/div>\n<\/div>\n<\/div>\n<\/div>\n<\/div>\n<\/div>\n<\/div>\n<\/section>\n<section class=\"elementor-element elementor-element-6adbd90 elementor-section-boxed elementor-section-height-default elementor-section-height-default elementor-section elementor-top-section jet-parallax-section\" data-id=\"6adbd90\" data-element_type=\"section\">\n<div class=\"elementor-container elementor-column-gap-default\">\n<div class=\"elementor-row\">\n<div class=\"elementor-element elementor-element-a5ead25 elementor-column elementor-col-100 elementor-top-column\" data-id=\"a5ead25\" data-element_type=\"column\">\n<div class=\"elementor-column-wrap elementor-element-populated\">\n<div class=\"elementor-widget-wrap\">\n<div class=\"elementor-element elementor-element-278c683 elementor-widget elementor-widget-text-editor\" data-id=\"278c683\" data-element_type=\"text-editor.default\">\n<div class=\"elementor-widget-container\">\n<div class=\"elementor-text-editor elementor-clearfix\">\n<p><strong>I Hundeidvik Arena f\u00e5r du tilgang til klatrevegg og buldrevegg.<\/strong><\/p>\n<p>Klatreveggen ha 26 ruter i forskjellige vanskelighetsgrader. Her er det utfordringer for b\u00e5de nybegynnere og erfarne klatrere. Det henger tau i veggen som kan brukast.<\/p>\n<p>I tillegg har hallen ein flott buldrevegg med fleire ruter.<\/p>\n<p>Om det er st\u00f8rre grupper som \u00f8nsker \u00e5 leige klatreveggen i forbindelse med kurs eller event, kan vi stille med instrukt\u00f8rer\/sikrere og n\u00f8dvendig utstyr.<\/p>\n<p>For priser p\u00e5 bruk av hallen sj\u00e5 finn meir info her: <a href=\"http:\/\/demo.hundeidvik.no\/idrettslag\/prisar-klatring\/\">Prisar klatring<\/a><\/p>\n<p><a href=\"http:\/\/demo.hundeidvik.no\/idrettslag\/klatring\/hall-klatring\/\" rel=\"attachment wp-att-43\"><img fetchpriority=\"high\" decoding=\"async\" class=\"wp-image-43 aligncenter\" src=\"http:\/\/demo.hundeidvik.no\/idrettslag\/wp-content\/uploads\/sites\/4\/2018\/07\/hall-klatring-300x90.jpg\" alt=\"\" width=\"945\" height=\"283\" srcset=\"https:\/\/hundeidvik.no\/idrettslag\/wp-content\/uploads\/sites\/4\/2018\/07\/hall-klatring-300x90.jpg 300w, https:\/\/hundeidvik.no\/idrettslag\/wp-content\/uploads\/sites\/4\/2018\/07\/hall-klatring-768x231.jpg 768w, https:\/\/hundeidvik.no\/idrettslag\/wp-content\/uploads\/sites\/4\/2018\/07\/hall-klatring-1024x308.jpg 1024w, https:\/\/hundeidvik.no\/idrettslag\/wp-content\/uploads\/sites\/4\/2018\/07\/hall-klatring.jpg 1894w\" sizes=\"(max-width: 945px) 100vw, 945px\" \/><\/a><\/p>\n<\/div>\n<\/div>\n<\/div>\n<\/div>\n<\/div>\n<\/div>\n<\/div>\n<\/div>\n<\/section>\n","protected":false},"excerpt":{"rendered":"<p>Flotte klatrefasilitetar I Hundeidvik Arena f\u00e5r du tilgang til klatrevegg og buldrevegg. Klatreveggen ha 26 ruter i forskjellige vanskelighetsgrader. Her er det utfordringer for b\u00e5de nybegynnere og erfarne klatrere. Det henger tau i veggen som kan brukast. I tillegg har hallen ein flott buldrevegg med fleire ruter. Om det er st\u00f8rre grupper som \u00f8nsker \u00e5 [&hellip;]<\/p>\n","protected":false},"author":2,"featured_media":28,"parent":0,"menu_order":0,"comment_status":"closed","ping_status":"closed","template":"elementor_header_footer","meta":{"ocean_post_layout":"","ocean_both_sidebars_style":"","ocean_both_sidebars_content_width":0,"ocean_both_sidebars_sidebars_width":0,"ocean_sidebar":"0","ocean_second_sidebar":"0","ocean_disable_margins":"enable","ocean_add_body_class":"","ocean_shortcode_before_top_bar":"","ocean_shortcode_after_top_bar":"","ocean_shortcode_before_header":"","ocean_shortcode_after_header":"","ocean_has_shortcode":"","ocean_shortcode_after_title":"","ocean_shortcode_before_footer_widgets":"","ocean_shortcode_after_footer_widgets":"","ocean_shortcode_before_footer_bottom":"","ocean_shortcode_after_footer_bottom":"","ocean_display_top_bar":"off","ocean_display_header":"on","ocean_header_style":"","ocean_center_header_left_menu":"0","ocean_custom_header_template":"0","ocean_custom_logo":0,"ocean_custom_retina_logo":0,"ocean_custom_logo_max_width":0,"ocean_custom_logo_tablet_max_width":0,"ocean_custom_logo_mobile_max_width":0,"ocean_custom_logo_max_height":0,"ocean_custom_logo_tablet_max_height":0,"ocean_custom_logo_mobile_max_height":0,"ocean_header_custom_menu":"0","ocean_menu_typo_font_family":"0","ocean_menu_typo_font_subset":"","ocean_menu_typo_font_size":0,"ocean_menu_typo_font_size_tablet":0,"ocean_menu_typo_font_size_mobile":0,"ocean_menu_typo_font_size_unit":"px","ocean_menu_typo_font_weight":"","ocean_menu_typo_font_weight_tablet":"","ocean_menu_typo_font_weight_mobile":"","ocean_menu_typo_transform":"","ocean_menu_typo_transform_tablet":"","ocean_menu_typo_transform_mobile":"","ocean_menu_typo_line_height":0,"ocean_menu_typo_line_height_tablet":0,"ocean_menu_typo_line_height_mobile":0,"ocean_menu_typo_line_height_unit":"","ocean_menu_typo_spacing":0,"ocean_menu_typo_spacing_tablet":0,"ocean_menu_typo_spacing_mobile":0,"ocean_menu_typo_spacing_unit":"","ocean_menu_link_color":"","ocean_menu_link_color_hover":"","ocean_menu_link_color_active":"","ocean_menu_link_background":"","ocean_menu_link_hover_background":"","ocean_menu_link_active_background":"","ocean_menu_social_links_bg":"","ocean_menu_social_hover_links_bg":"","ocean_menu_social_links_color":"","ocean_menu_social_hover_links_color":"","ocean_disable_title":"on","ocean_disable_heading":"default","ocean_post_title":"","ocean_post_subheading":"","ocean_post_title_style":"","ocean_post_title_background_color":"","ocean_post_title_background":0,"ocean_post_title_bg_image_position":"","ocean_post_title_bg_image_attachment":"","ocean_post_title_bg_image_repeat":"","ocean_post_title_bg_image_size":"","ocean_post_title_height":0,"ocean_post_title_bg_overlay":0.5,"ocean_post_title_bg_overlay_color":"","ocean_disable_breadcrumbs":"default","ocean_breadcrumbs_color":"","ocean_breadcrumbs_separator_color":"","ocean_breadcrumbs_links_color":"","ocean_breadcrumbs_links_hover_color":"","ocean_display_footer_widgets":"off","ocean_display_footer_bottom":"off","ocean_custom_footer_template":"","footnotes":""},"class_list":["post-42","page","type-page","status-publish","has-post-thumbnail","hentry","entry","has-media","owp-thumbs-layout-horizontal","owp-btn-normal","owp-tabs-layout-horizontal","has-no-thumbnails","has-product-nav"],"_links":{"self":[{"href":"https:\/\/hundeidvik.no\/idrettslag\/wp-json\/wp\/v2\/pages\/42","targetHints":{"allow":["GET"]}}],"collection":[{"href":"https:\/\/hundeidvik.no\/idrettslag\/wp-json\/wp\/v2\/pages"}],"about":[{"href":"https:\/\/hundeidvik.no\/idrettslag\/wp-json\/wp\/v2\/types\/page"}],"author":[{"embeddable":true,"href":"https:\/\/hundeidvik.no\/idrettslag\/wp-json\/wp\/v2\/users\/2"}],"replies":[{"embeddable":true,"href":"https:\/\/hundeidvik.no\/idrettslag\/wp-json\/wp\/v2\/comments?post=42"}],"version-history":[{"count":3,"href":"https:\/\/hundeidvik.no\/idrettslag\/wp-json\/wp\/v2\/pages\/42\/revisions"}],"predecessor-version":[{"id":48,"href":"https:\/\/hundeidvik.no\/idrettslag\/wp-json\/wp\/v2\/pages\/42\/revisions\/48"}],"wp:featuredmedia":[{"embeddable":true,"href":"https:\/\/hundeidvik.no\/idrettslag\/wp-json\/wp\/v2\/media\/28"}],"wp:attachment":[{"href":"https:\/\/hundeidvik.no\/idrettslag\/wp-json\/wp\/v2\/media?parent=42"}],"curies":[{"name":"wp","href":"https:\/\/api.w.org\/{rel}","templated":true}]}}